{"id":1505,"date":"2021-05-22T12:00:51","date_gmt":"2021-05-22T10:00:51","guid":{"rendered":"https:\/\/properim.com\/?page_id=1505"},"modified":"2023-10-13T07:42:27","modified_gmt":"2023-10-13T05:42:27","slug":"personalentwicklung","status":"publish","type":"page","link":"https:\/\/properim.com\/es\/personalentwicklung","title":{"rendered":"Desarrollo de personal"},"content":{"rendered":"\t\t<div data-elementor-type=\"wp-page\" data-elementor-id=\"1505\" class=\"elementor elementor-1505\">\n\t\t\t\t\t\t<section class=\"elementor-section elementor-top-section elementor-element elementor-element-4caeb860 elementor-section-boxed elementor-section-height-default elementor-section-height-default\" data-id=\"4caeb860\" data-element_type=\"section\" data-e-type=\"section\">\n\t\t\t\t\t\t<div class=\"elementor-container elementor-column-gap-default\">\n\t\t\t\t\t<div class=\"elementor-column elementor-col-100 elementor-top-column elementor-element elementor-element-6ba4959e\" data-id=\"6ba4959e\" data-element_type=\"column\" data-e-type=\"column\">\n\t\t\t<div class=\"elementor-widget-wrap elementor-element-populated\">\n\t\t\t\t\t\t<div class=\"elementor-element elementor-element-72c8bc99 elementor-widget elementor-widget-text-editor\" data-id=\"72c8bc99\" data-element_type=\"widget\" data-e-type=\"widget\" data-widget_type=\"text-editor.default\">\n\t\t\t\t<div class=\"elementor-widget-container\">\n\t\t\t\t\t\t\t\t\t<h6><strong>El exitoso desarrollo del personal combina las requierimientos de una organizaci\u00f3n corporativa con las necesidades de sus integrantes y los demandas de desarrollar continuamente productos, procesos y culturas.<\/strong><\/h6><p>Para que el desarrollo del personal sea efectivo y eficiente, primero necesita informaci\u00f3n sobre qui\u00e9n, cu\u00e1ndo, d\u00f3nde y qu\u00e9 debe desarrollarse. Las tareas comienzan con la inducci\u00f3n de nuevos empleados. Despu\u00e9s de eso, se debe garantizar el dominio de los procesos existentes de la empresa y su uso flexible en diferentes \u00e1reas. A continuaci\u00f3n, los responsables de la organizaci\u00f3n deben capacitar a sus empleados para facilitar sus tareas. Para ello, se utiliza herramientas de gesti\u00f3n modernas. Por \u00faltimo, pero no menos importante, todos los afectados deben estar involucrados y motivados en el desarrollo e implementaci\u00f3n de los cambios organizacionales necesarios. Para quienes tienen interlocutores extranjeros o asignaciones extranjeras, el dominio del idioma y la cultura nacional suele ser de gran importancia. Haga clic aqu\u00ed para ver los nuevos cursos.\u00a0 <a href=\"https:\/\/properim.com\/neue-kurse\">Haga clic aqu\u00ed para ver los nuevos cursos<\/a>&#8230;<\/p>\t\t\t\t\t\t\t\t<\/div>\n\t\t\t\t<\/div>\n\t\t\t\t<div class=\"elementor-element elementor-element-d9f1aae elementor-widget elementor-widget-image\" data-id=\"d9f1aae\" data-element_type=\"widget\" data-e-type=\"widget\" data-widget_type=\"image.default\">\n\t\t\t\t<div class=\"elementor-widget-container\">\n\t\t\t\t\t\t\t\t\t\t\t\t\t\t\t<img fetchpriority=\"high\" decoding=\"async\" width=\"768\" height=\"411\" src=\"https:\/\/properim.com\/wp-content\/uploads\/2021\/05\/Desarollo-de-personal-768x411.png\" class=\"attachment-medium_large size-medium_large wp-image-1510\" alt=\"\" srcset=\"https:\/\/properim.com\/wp-content\/uploads\/2021\/05\/Desarollo-de-personal-768x411.png 768w, https:\/\/properim.com\/wp-content\/uploads\/2021\/05\/Desarollo-de-personal-300x161.png 300w, https:\/\/properim.com\/wp-content\/uploads\/2021\/05\/Desarollo-de-personal-1024x549.png 1024w, https:\/\/properim.com\/wp-content\/uploads\/2021\/05\/Desarollo-de-personal-1536x823.png 1536w, https:\/\/properim.com\/wp-content\/uploads\/2021\/05\/Desarollo-de-personal.png 1861w\" sizes=\"(max-width: 768px) 100vw, 768px\" \/>\t\t\t\t\t\t\t\t\t\t\t\t\t\t\t<\/div>\n\t\t\t\t<\/div>\n\t\t\t\t<div class=\"elementor-element elementor-element-88848b3 elementor-widget elementor-widget-text-editor\" data-id=\"88848b3\" data-element_type=\"widget\" data-e-type=\"widget\" data-widget_type=\"text-editor.default\">\n\t\t\t\t<div class=\"elementor-widget-container\">\n\t\t\t\t\t\t\t\t\t<p><a role=\"button\" href=\"https:\/\/properim.com\/neue-kurse\"><br \/><\/a><a href=\"https:\/\/properim.com\/neue-kurse\">Haga clic aqu\u00ed para ver los nuevos cursos<\/a><a role=\"button\" href=\"https:\/\/properim.com\/neue-kurse\"><br \/><\/a><\/p><p>A trav\u00e9s del previo an\u00e1lisis de necesidades de formaci\u00f3n, aseguramos de que solo se implementa aquellas medidas de desarrollo de personal que le agrega valor a\u00f1adido.<\/p><p>Con el control de \u00e9xito comprobamos el mismo de la medida y, si sea necesario, iniciamos las medidas correctivas para conseguir el objetivo.<\/p><p>\u00bfLe gustar\u00eda m\u00e1s informaci\u00f3n sobre el tema de \u201cdesarrollo de personal\u201d?<\/p><p><a role=\"button\" href=\"https:\/\/www.properim.com\/kontakt\">Kontakt<br \/><\/a><br \/><a role=\"button\" href=\"https:\/\/properim.com\"><br \/>zur\u00fcck<br \/><\/a><\/p>\t\t\t\t\t\t\t\t<\/div>\n\t\t\t\t<\/div>\n\t\t\t\t\t<\/div>\n\t\t<\/div>\n\t\t\t\t\t<\/div>\n\t\t<\/section>\n\t\t\t\t<\/div>\n\t\t","protected":false},"excerpt":{"rendered":"<p>El exitoso desarrollo del personal combina las requierimientos de una organizaci\u00f3n corporativa con las necesidades de sus integrantes y los<\/p>\n","protected":false},"author":3,"featured_media":0,"parent":0,"menu_order":0,"comment_status":"closed","ping_status":"closed","template":"","meta":{"colormag_page_container_layout":"no_sidebar_full_width","colormag_page_sidebar_layout":"no_sidebar","_locale":"es_MX","_original_post":"https:\/\/properim.com\/?page_id=484","footnotes":""},"class_list":["post-1505","page","type-page","status-publish","hentry","es-MX"],"aioseo_notices":[],"_links":{"self":[{"href":"https:\/\/properim.com\/wp-json\/wp\/v2\/pages\/1505","targetHints":{"allow":["GET"]}}],"collection":[{"href":"https:\/\/properim.com\/wp-json\/wp\/v2\/pages"}],"about":[{"href":"https:\/\/properim.com\/wp-json\/wp\/v2\/types\/page"}],"author":[{"embeddable":true,"href":"https:\/\/properim.com\/wp-json\/wp\/v2\/users\/3"}],"replies":[{"embeddable":true,"href":"https:\/\/properim.com\/wp-json\/wp\/v2\/comments?post=1505"}],"version-history":[{"count":10,"href":"https:\/\/properim.com\/wp-json\/wp\/v2\/pages\/1505\/revisions"}],"predecessor-version":[{"id":2094,"href":"https:\/\/properim.com\/wp-json\/wp\/v2\/pages\/1505\/revisions\/2094"}],"wp:attachment":[{"href":"https:\/\/properim.com\/wp-json\/wp\/v2\/media?parent=1505"}],"curies":[{"name":"wp","href":"https:\/\/api.w.org\/{rel}","templated":true}]}}