{"id":1522,"date":"2021-05-22T13:12:35","date_gmt":"2021-05-22T11:12:35","guid":{"rendered":"https:\/\/properim.com\/?page_id=1522"},"modified":"2021-12-31T01:23:53","modified_gmt":"2021-12-31T00:23:53","slug":"neue-kurse","status":"publish","type":"page","link":"https:\/\/properim.com\/es\/neue-kurse","title":{"rendered":"Neue Kurse"},"content":{"rendered":"\t\t<div data-elementor-type=\"wp-page\" data-elementor-id=\"1522\" class=\"elementor elementor-1522\">\n\t\t\t\t\t\t<section class=\"elementor-section elementor-top-section elementor-element elementor-element-34079c5 elementor-section-boxed elementor-section-height-default elementor-section-height-default\" data-id=\"34079c5\" data-element_type=\"section\" data-e-type=\"section\">\n\t\t\t\t\t\t<div class=\"elementor-container elementor-column-gap-default\">\n\t\t\t\t\t<div class=\"elementor-column elementor-col-100 elementor-top-column elementor-element elementor-element-5c6241e\" data-id=\"5c6241e\" data-element_type=\"column\" data-e-type=\"column\">\n\t\t\t<div class=\"elementor-widget-wrap elementor-element-populated\">\n\t\t\t\t\t\t<section class=\"elementor-section elementor-inner-section elementor-element elementor-element-351611a elementor-section-boxed elementor-section-height-default elementor-section-height-default\" data-id=\"351611a\" data-element_type=\"section\" data-e-type=\"section\">\n\t\t\t\t\t\t<div class=\"elementor-container elementor-column-gap-default\">\n\t\t\t\t\t<div class=\"elementor-column elementor-col-50 elementor-inner-column elementor-element elementor-element-f382f8d\" data-id=\"f382f8d\" data-element_type=\"column\" data-e-type=\"column\">\n\t\t\t<div class=\"elementor-widget-wrap elementor-element-populated\">\n\t\t\t\t\t\t<div class=\"elementor-element elementor-element-070610c elementor-widget elementor-widget-image\" data-id=\"070610c\" data-element_type=\"widget\" data-e-type=\"widget\" data-widget_type=\"image.default\">\n\t\t\t\t<div class=\"elementor-widget-container\">\n\t\t\t\t\t\t\t\t\t\t\t\t\t\t\t<img fetchpriority=\"high\" decoding=\"async\" width=\"225\" height=\"300\" src=\"https:\/\/properim.com\/wp-content\/uploads\/2021\/04\/Neue_Kurse-225x300.png\" class=\"attachment-medium size-medium wp-image-1368\" alt=\"neue Kurse\" srcset=\"https:\/\/properim.com\/wp-content\/uploads\/2021\/04\/Neue_Kurse-225x300.png 225w, https:\/\/properim.com\/wp-content\/uploads\/2021\/04\/Neue_Kurse-768x1024.png 768w, https:\/\/properim.com\/wp-content\/uploads\/2021\/04\/Neue_Kurse-1152x1536.png 1152w, https:\/\/properim.com\/wp-content\/uploads\/2021\/04\/Neue_Kurse-1536x2048.png 1536w, https:\/\/properim.com\/wp-content\/uploads\/2021\/04\/Neue_Kurse.png 1545w\" sizes=\"(max-width: 225px) 100vw, 225px\" \/>\t\t\t\t\t\t\t\t\t\t\t\t\t\t\t<\/div>\n\t\t\t\t<\/div>\n\t\t\t\t\t<\/div>\n\t\t<\/div>\n\t\t\t\t<div class=\"elementor-column elementor-col-50 elementor-inner-column elementor-element elementor-element-ade040c\" data-id=\"ade040c\" data-element_type=\"column\" data-e-type=\"column\">\n\t\t\t<div class=\"elementor-widget-wrap elementor-element-populated\">\n\t\t\t\t\t\t<div class=\"elementor-element elementor-element-0d5704b elementor-widget elementor-widget-heading\" data-id=\"0d5704b\" data-element_type=\"widget\" data-e-type=\"widget\" data-widget_type=\"heading.default\">\n\t\t\t\t<div class=\"elementor-widget-container\">\n\t\t\t\t\t<h2 class=\"elementor-heading-title elementor-size-default\">De la pr\u00e1ctica para la pr\u00e1ctica:<\/h2>\t\t\t\t<\/div>\n\t\t\t\t<\/div>\n\t\t\t\t<div class=\"elementor-element elementor-element-06ef347 elementor-widget elementor-widget-text-editor\" data-id=\"06ef347\" data-element_type=\"widget\" data-e-type=\"widget\" data-widget_type=\"text-editor.default\">\n\t\t\t\t<div class=\"elementor-widget-container\">\n\t\t\t\t\t\t\t\t\t<blockquote><p>\u00a1Detecta desperdicio en tu propio area de responsibilidad!<\/p><p>\u00a1Elimina las fuentes de las desperdicias!<\/p><\/blockquote>\t\t\t\t\t\t\t\t<\/div>\n\t\t\t\t<\/div>\n\t\t\t\t\t<\/div>\n\t\t<\/div>\n\t\t\t\t\t<\/div>\n\t\t<\/section>\n\t\t\t\t\t<\/div>\n\t\t<\/div>\n\t\t\t\t\t<\/div>\n\t\t<\/section>\n\t\t\t\t<section class=\"elementor-section elementor-top-section elementor-element elementor-element-6fda7e6 elementor-section-boxed elementor-section-height-default elementor-section-height-default\" data-id=\"6fda7e6\" data-element_type=\"section\" data-e-type=\"section\" data-settings=\"{&quot;background_background&quot;:&quot;gradient&quot;}\">\n\t\t\t\t\t\t<div class=\"elementor-container elementor-column-gap-default\">\n\t\t\t\t\t<div class=\"elementor-column elementor-col-100 elementor-top-column elementor-element elementor-element-5fe946d\" data-id=\"5fe946d\" data-element_type=\"column\" data-e-type=\"column\">\n\t\t\t<div class=\"elementor-widget-wrap elementor-element-populated\">\n\t\t\t\t\t\t<section class=\"elementor-section elementor-inner-section elementor-element elementor-element-b82c026 elementor-section-boxed elementor-section-height-default elementor-section-height-default\" data-id=\"b82c026\" data-element_type=\"section\" data-e-type=\"section\">\n\t\t\t\t\t\t<div class=\"elementor-container elementor-column-gap-default\">\n\t\t\t\t\t<div class=\"elementor-column elementor-col-25 elementor-inner-column elementor-element elementor-element-7948975\" data-id=\"7948975\" data-element_type=\"column\" data-e-type=\"column\">\n\t\t\t<div class=\"elementor-widget-wrap elementor-element-populated\">\n\t\t\t\t\t\t<div class=\"elementor-element elementor-element-8caa75d elementor-widget elementor-widget-image\" data-id=\"8caa75d\" data-element_type=\"widget\" data-e-type=\"widget\" data-widget_type=\"image.default\">\n\t\t\t\t<div class=\"elementor-widget-container\">\n\t\t\t\t\t\t\t\t\t\t\t\t\t\t\t<img decoding=\"async\" width=\"150\" height=\"150\" src=\"https:\/\/properim.com\/wp-content\/uploads\/2021\/04\/PE_M11_Lean_Grundlagen-150x150.png\" class=\"attachment-thumbnail size-thumbnail wp-image-1403\" alt=\"Lean Grundlagen\" srcset=\"https:\/\/properim.com\/wp-content\/uploads\/2021\/04\/PE_M11_Lean_Grundlagen-150x150.png 150w, https:\/\/properim.com\/wp-content\/uploads\/2021\/04\/PE_M11_Lean_Grundlagen-300x300.png 300w, https:\/\/properim.com\/wp-content\/uploads\/2021\/04\/PE_M11_Lean_Grundlagen.png 323w\" sizes=\"(max-width: 150px) 100vw, 150px\" \/>\t\t\t\t\t\t\t\t\t\t\t\t\t\t\t<\/div>\n\t\t\t\t<\/div>\n\t\t\t\t\t<\/div>\n\t\t<\/div>\n\t\t\t\t<div class=\"elementor-column elementor-col-25 elementor-inner-column elementor-element elementor-element-3f29415\" data-id=\"3f29415\" data-element_type=\"column\" data-e-type=\"column\">\n\t\t\t<div class=\"elementor-widget-wrap elementor-element-populated\">\n\t\t\t\t\t\t<div class=\"elementor-element elementor-element-4a0fba1 elementor-widget elementor-widget-text-editor\" data-id=\"4a0fba1\" data-element_type=\"widget\" data-e-type=\"widget\" data-widget_type=\"text-editor.default\">\n\t\t\t\t<div class=\"elementor-widget-container\">\n\t\t\t\t\t\t\t\t\t<p><a href=\"https:\/\/properim.com\/grundlagenschulung\"><strong>Fundamentos de Lean<\/strong><\/a><\/p>\t\t\t\t\t\t\t\t<\/div>\n\t\t\t\t<\/div>\n\t\t\t\t\t<\/div>\n\t\t<\/div>\n\t\t\t\t<div class=\"elementor-column elementor-col-25 elementor-inner-column elementor-element elementor-element-b13809c\" data-id=\"b13809c\" data-element_type=\"column\" data-e-type=\"column\">\n\t\t\t<div class=\"elementor-widget-wrap elementor-element-populated\">\n\t\t\t\t\t\t<div class=\"elementor-element elementor-element-5e90593 elementor-widget elementor-widget-text-editor\" data-id=\"5e90593\" data-element_type=\"widget\" data-e-type=\"widget\" data-widget_type=\"text-editor.default\">\n\t\t\t\t<div class=\"elementor-widget-container\">\n\t\t\t\t\t\t\t\t\t<p><a href=\"https:\/\/properim.com\/grundlagenschulung\">Capacitaci\u00f3n de los fundamentos de los m\u00e9todos de Lean.El contenido de la capacitaci\u00f3n se puede aprovechar inmediatamente en su trabajo diario.<\/a><\/p>\t\t\t\t\t\t\t\t<\/div>\n\t\t\t\t<\/div>\n\t\t\t\t\t<\/div>\n\t\t<\/div>\n\t\t\t\t<div class=\"elementor-column elementor-col-25 elementor-inner-column elementor-element elementor-element-87a345b\" data-id=\"87a345b\" data-element_type=\"column\" data-e-type=\"column\">\n\t\t\t<div class=\"elementor-widget-wrap elementor-element-populated\">\n\t\t\t\t\t\t<div class=\"elementor-element elementor-element-8b0ffd9 elementor-widget elementor-widget-text-editor\" data-id=\"8b0ffd9\" data-element_type=\"widget\" data-e-type=\"widget\" data-widget_type=\"text-editor.default\">\n\t\t\t\t<div class=\"elementor-widget-container\">\n\t\t\t\t\t\t\t\t\t<p><a href=\"https:\/\/properim.com\/grundlagenschulung\">Tiempo: <\/a><a href=\"https:\/\/properim.com\/grundlagenschulung\">0,5 dias (online + en presencia)<\/a><\/p>\t\t\t\t\t\t\t\t<\/div>\n\t\t\t\t<\/div>\n\t\t\t\t\t<\/div>\n\t\t<\/div>\n\t\t\t\t\t<\/div>\n\t\t<\/section>\n\t\t\t\t\t<\/div>\n\t\t<\/div>\n\t\t\t\t\t<\/div>\n\t\t<\/section>\n\t\t\t\t<section class=\"elementor-section elementor-top-section elementor-element elementor-element-f1ca66c elementor-section-boxed elementor-section-height-default elementor-section-height-default\" data-id=\"f1ca66c\" data-element_type=\"section\" data-e-type=\"section\" data-settings=\"{&quot;background_background&quot;:&quot;gradient&quot;}\">\n\t\t\t\t\t\t<div class=\"elementor-container elementor-column-gap-default\">\n\t\t\t\t\t<div class=\"elementor-column elementor-col-100 elementor-top-column elementor-element elementor-element-72b0b80\" data-id=\"72b0b80\" data-element_type=\"column\" data-e-type=\"column\">\n\t\t\t<div class=\"elementor-widget-wrap elementor-element-populated\">\n\t\t\t\t\t\t<section class=\"elementor-section elementor-inner-section elementor-element elementor-element-2575fb0 elementor-section-boxed elementor-section-height-default elementor-section-height-default\" data-id=\"2575fb0\" data-element_type=\"section\" data-e-type=\"section\">\n\t\t\t\t\t\t<div class=\"elementor-container elementor-column-gap-default\">\n\t\t\t\t\t<div class=\"elementor-column elementor-col-25 elementor-inner-column elementor-element elementor-element-ae94c8d\" data-id=\"ae94c8d\" data-element_type=\"column\" data-e-type=\"column\">\n\t\t\t<div class=\"elementor-widget-wrap elementor-element-populated\">\n\t\t\t\t\t\t<div class=\"elementor-element elementor-element-04cc2ed elementor-widget elementor-widget-image\" data-id=\"04cc2ed\" data-element_type=\"widget\" data-e-type=\"widget\" data-widget_type=\"image.default\">\n\t\t\t\t<div class=\"elementor-widget-container\">\n\t\t\t\t\t\t\t\t\t\t\t\t\t\t\t<img decoding=\"async\" width=\"150\" height=\"150\" src=\"https:\/\/properim.com\/wp-content\/uploads\/2021\/04\/PE_M23_Fachschulungen-150x150.png\" class=\"attachment-thumbnail size-thumbnail wp-image-1409\" alt=\"Fachschulungen\" srcset=\"https:\/\/properim.com\/wp-content\/uploads\/2021\/04\/PE_M23_Fachschulungen-150x150.png 150w, https:\/\/properim.com\/wp-content\/uploads\/2021\/04\/PE_M23_Fachschulungen-300x300.png 300w, https:\/\/properim.com\/wp-content\/uploads\/2021\/04\/PE_M23_Fachschulungen.png 323w\" sizes=\"(max-width: 150px) 100vw, 150px\" \/>\t\t\t\t\t\t\t\t\t\t\t\t\t\t\t<\/div>\n\t\t\t\t<\/div>\n\t\t\t\t\t<\/div>\n\t\t<\/div>\n\t\t\t\t<div class=\"elementor-column elementor-col-25 elementor-inner-column elementor-element elementor-element-e0e8beb\" data-id=\"e0e8beb\" data-element_type=\"column\" data-e-type=\"column\">\n\t\t\t<div class=\"elementor-widget-wrap elementor-element-populated\">\n\t\t\t\t\t\t<div class=\"elementor-element elementor-element-adef4d8 elementor-widget elementor-widget-text-editor\" data-id=\"adef4d8\" data-element_type=\"widget\" data-e-type=\"widget\" data-widget_type=\"text-editor.default\">\n\t\t\t\t<div class=\"elementor-widget-container\">\n\t\t\t\t\t\t\t\t\t<p><strong><a href=\"https:\/\/properim.com\/strategische-planung-und-ergebnisabsicherung\">Implementaci\u00f3n exitosa de sus objectivos estrat\u00e9gicos<\/a><\/strong><\/p>\t\t\t\t\t\t\t\t<\/div>\n\t\t\t\t<\/div>\n\t\t\t\t\t<\/div>\n\t\t<\/div>\n\t\t\t\t<div class=\"elementor-column elementor-col-25 elementor-inner-column elementor-element elementor-element-f403ec3\" data-id=\"f403ec3\" data-element_type=\"column\" data-e-type=\"column\">\n\t\t\t<div class=\"elementor-widget-wrap elementor-element-populated\">\n\t\t\t\t\t\t<div class=\"elementor-element elementor-element-88f28a4 elementor-widget elementor-widget-text-editor\" data-id=\"88f28a4\" data-element_type=\"widget\" data-e-type=\"widget\" data-widget_type=\"text-editor.default\">\n\t\t\t\t<div class=\"elementor-widget-container\">\n\t\t\t\t\t\t\t\t\t<p><a href=\"https:\/\/properim.com\/strategische-planung-und-ergebnisabsicherung\">\u00a1Aprovecha el sistema aprobado para elabrorar y exitosamente implementar sus metas estrate\u00e9gicas el la pr\u00e1ctica laboral!<\/a><\/p>\t\t\t\t\t\t\t\t<\/div>\n\t\t\t\t<\/div>\n\t\t\t\t\t<\/div>\n\t\t<\/div>\n\t\t\t\t<div class=\"elementor-column elementor-col-25 elementor-inner-column elementor-element elementor-element-8c0def4\" data-id=\"8c0def4\" data-element_type=\"column\" data-e-type=\"column\">\n\t\t\t<div class=\"elementor-widget-wrap elementor-element-populated\">\n\t\t\t\t\t\t<div class=\"elementor-element elementor-element-e6bf934 elementor-widget elementor-widget-text-editor\" data-id=\"e6bf934\" data-element_type=\"widget\" data-e-type=\"widget\" data-widget_type=\"text-editor.default\">\n\t\t\t\t<div class=\"elementor-widget-container\">\n\t\t\t\t\t\t\t\t\t<p><a href=\"https:\/\/properim.com\/strategische-planung-und-ergebnisabsicherung\">Tiempo: 2x 0,5 dias (online) o 1 d\u00eda (en\u00a0 presencia)<\/a><\/p>\t\t\t\t\t\t\t\t<\/div>\n\t\t\t\t<\/div>\n\t\t\t\t\t<\/div>\n\t\t<\/div>\n\t\t\t\t\t<\/div>\n\t\t<\/section>\n\t\t\t\t\t<\/div>\n\t\t<\/div>\n\t\t\t\t\t<\/div>\n\t\t<\/section>\n\t\t\t\t<\/div>\n\t\t","protected":false},"excerpt":{"rendered":"<p>De la pr\u00e1ctica para la pr\u00e1ctica: \u00a1Detecta desperdicio en tu propio area de responsibilidad! \u00a1Elimina las fuentes de las desperdicias!<\/p>\n","protected":false},"author":3,"featured_media":0,"parent":0,"menu_order":0,"comment_status":"closed","ping_status":"closed","template":"","meta":{"colormag_page_container_layout":"default_layout","colormag_page_sidebar_layout":"default_layout","_locale":"es_MX","_original_post":"https:\/\/properim.com\/?page_id=1320","footnotes":""},"class_list":["post-1522","page","type-page","status-publish","hentry","es-MX"],"aioseo_notices":[],"_links":{"self":[{"href":"https:\/\/properim.com\/wp-json\/wp\/v2\/pages\/1522","targetHints":{"allow":["GET"]}}],"collection":[{"href":"https:\/\/properim.com\/wp-json\/wp\/v2\/pages"}],"about":[{"href":"https:\/\/properim.com\/wp-json\/wp\/v2\/types\/page"}],"author":[{"embeddable":true,"href":"https:\/\/properim.com\/wp-json\/wp\/v2\/users\/3"}],"replies":[{"embeddable":true,"href":"https:\/\/properim.com\/wp-json\/wp\/v2\/comments?post=1522"}],"version-history":[{"count":7,"href":"https:\/\/properim.com\/wp-json\/wp\/v2\/pages\/1522\/revisions"}],"predecessor-version":[{"id":1537,"href":"https:\/\/properim.com\/wp-json\/wp\/v2\/pages\/1522\/revisions\/1537"}],"wp:attachment":[{"href":"https:\/\/properim.com\/wp-json\/wp\/v2\/media?parent=1522"}],"curies":[{"name":"wp","href":"https:\/\/api.w.org\/{rel}","templated":true}]}}