{"id":1823,"date":"2023-08-09T20:47:59","date_gmt":"2023-08-09T18:47:59","guid":{"rendered":"https:\/\/properim.com\/?page_id=1823"},"modified":"2024-04-02T19:50:29","modified_gmt":"2024-04-02T17:50:29","slug":"impressum","status":"publish","type":"page","link":"https:\/\/properim.com\/es\/impressum","title":{"rendered":"Impressum"},"content":{"rendered":"<p>Impressum \/ Aviso legal<\/p>\n<p>PROPERIM GmbH<br \/>\nHaferwende 27<br \/>\n28357 Bremen<\/p>\n<p>Registro mercantil: HRB 39966 HB<br \/>\nTribunal de registro: Bremen<\/p>\n<p>Representado por:<br \/>\nAndreas K\u00fcckelmann<\/p>\n<p>Contacto<br \/>\nTel\u00e9fono: +49 421 2419 0742<br \/>\nCorreo electr\u00f3nico: mail@properim.com<\/p>\n<p>Identificaci\u00f3n del impuesto<br \/>\nN\u00famero de identificaci\u00f3n del impuesto sobre las ventas de conformidad con el art\u00edculo 27 a de la Ley del Impuesto sobre las Ventas:<br \/>\nDE366691019<\/p>\n<p>Responsable editorial<br \/>\nAndreas K\u00fcckelmann<br \/>\nHaferwende 27<br \/>\n28357 Bremen<\/p>\n<p>Resoluci\u00f3n de disputas de la UE<br \/>\nLa Comisi\u00f3n Europea proporciona una plataforma para la resoluci\u00f3n de disputas (OS) en l\u00ednea: https:\/\/ec.europa.eu\/consumers\/odr\/.<br \/>\nPuede encontrar nuestra direcci\u00f3n de correo electr\u00f3nico en el aviso legal anterior.<\/p>\n<p>Resoluci\u00f3n de disputas de consumo\/junta de arbitraje universal<br \/>\nNo estamos dispuestos ni obligados a participar en procedimientos de resoluci\u00f3n de disputas ante una junta arbitral de consumo.<\/p>\n","protected":false},"excerpt":{"rendered":"<p>Impressum \/ Aviso legal PROPERIM GmbH Haferwende 27 28357 Bremen Registro mercantil: HRB 39966 HB Tribunal de registro: Bremen Representado<\/p>\n","protected":false},"author":3,"featured_media":0,"parent":0,"menu_order":0,"comment_status":"closed","ping_status":"closed","template":"","meta":{"colormag_page_container_layout":"no_sidebar_content_centered","colormag_page_sidebar_layout":"no_sidebar","_locale":"es_MX","_original_post":"https:\/\/properim.com\/?page_id=5","footnotes":""},"class_list":["post-1823","page","type-page","status-publish","hentry","es-MX"],"aioseo_notices":[],"_links":{"self":[{"href":"https:\/\/properim.com\/wp-json\/wp\/v2\/pages\/1823","targetHints":{"allow":["GET"]}}],"collection":[{"href":"https:\/\/properim.com\/wp-json\/wp\/v2\/pages"}],"about":[{"href":"https:\/\/properim.com\/wp-json\/wp\/v2\/types\/page"}],"author":[{"embeddable":true,"href":"https:\/\/properim.com\/wp-json\/wp\/v2\/users\/3"}],"replies":[{"embeddable":true,"href":"https:\/\/properim.com\/wp-json\/wp\/v2\/comments?post=1823"}],"version-history":[{"count":5,"href":"https:\/\/properim.com\/wp-json\/wp\/v2\/pages\/1823\/revisions"}],"predecessor-version":[{"id":2320,"href":"https:\/\/properim.com\/wp-json\/wp\/v2\/pages\/1823\/revisions\/2320"}],"wp:attachment":[{"href":"https:\/\/properim.com\/wp-json\/wp\/v2\/media?parent=1823"}],"curies":[{"name":"wp","href":"https:\/\/api.w.org\/{rel}","templated":true}]}}