{"id":1836,"date":"2023-08-09T21:22:13","date_gmt":"2023-08-09T19:22:13","guid":{"rendered":"https:\/\/properim.com\/?page_id=1836"},"modified":"2023-08-10T16:46:31","modified_gmt":"2023-08-10T14:46:31","slug":"ueber_uns","status":"publish","type":"page","link":"https:\/\/properim.com\/es\/ueber_uns","title":{"rendered":"Sobre nosotros"},"content":{"rendered":"\t\t<div data-elementor-type=\"wp-page\" data-elementor-id=\"1836\" class=\"elementor elementor-1836\">\n\t\t\t\t\t\t<section class=\"elementor-section elementor-top-section elementor-element elementor-element-6ef566fd elementor-section-boxed elementor-section-height-default elementor-section-height-default\" data-id=\"6ef566fd\" data-element_type=\"section\" data-e-type=\"section\">\n\t\t\t\t\t\t<div class=\"elementor-container elementor-column-gap-default\">\n\t\t\t\t\t<div class=\"elementor-column elementor-col-100 elementor-top-column elementor-element elementor-element-426e7e95\" data-id=\"426e7e95\" data-element_type=\"column\" data-e-type=\"column\">\n\t\t\t<div class=\"elementor-widget-wrap elementor-element-populated\">\n\t\t\t\t\t\t<div class=\"elementor-element elementor-element-333a747e elementor-widget elementor-widget-text-editor\" data-id=\"333a747e\" data-element_type=\"widget\" data-e-type=\"widget\" data-widget_type=\"text-editor.default\">\n\t\t\t\t<div class=\"elementor-widget-container\">\n\t\t\t\t\t\t\t\t\t<h6>Aqu\u00ed aprender\u00e1 sobre nosotros y nuestros valores:<\/h6><table style=\"width: 99.3653%; height: 235px;\"><tbody><tr><td style=\"width: 11.7089%; background-color: #0064c8;\">\u00a0<strong><span style=\"color: #ffffff;\">Misi\u00f3n<\/span><br \/><\/strong><\/td><td style=\"background-color: #e1e1f0; width: 77.8043%;\"><p><strong>Las peque\u00f1as y medianas empresas<\/strong> deben tener las mismas oportunidades de utilizar servicios profesionales que las grandes empresas y corporaciones internacionales. Especialmente en tiempos de adquisiciones y fusiones, nuestros clientes deben seguir siendo competitivos.<\/p><p>Queremos que nuestros clientes puedan evolucionar en buenos tiempos y superar situaciones de crisis, aprovech\u00e1ndolas como una oportunidad.<\/p><\/td><\/tr><tr><td style=\"width: 11.7089%; background-color: #0064c8;\"><strong><span style=\"color: #ffffff;\">Visi\u00f3n<\/span><br \/><\/strong><\/td><td style=\"background-color: #e1e1f0; width: 77.8043%;\"><p><b>Alineamos nuestros servicios<\/b> con las necesidades de las peque\u00f1as y medianas empresas. Mientras nuestros clientes se concentran en sus competencias clave, nosotros brindamos apoyo profesional. Complementamos el conocimiento de nuestros clientes con nuestra competencia metodol\u00f3gica.<\/p><p>Para ello, utilizamos una estructura de servicio compartido para aprovechar recursos valiosos.<\/p><\/td><\/tr><tr><td style=\"width: 11.7089%; background-color: #0064c8;\"><span style=\"color: #ffffff;\">Valores<\/span> <strong><br \/><\/strong><\/td><td style=\"background-color: #e1e1f0; width: 77.8043%;\"><p><b>Nuestros clientes son la prioridad en todo lo que hacemos.<\/b><\/p><p>Por lo tanto, escuchamos para entender la situaci\u00f3n de nuestro cliente.<\/p><p>Acordamos el enfoque con nuestros clientes basado en soluciones propuestas. El objetivo siempre es crear un valor agregado para nuestros clientes.<\/p><p>Finalmente, la lealtad hacia nuestros clientes es una cuesti\u00f3n de principios para nosotros.<\/p><\/td><\/tr><\/tbody><\/table><table style=\"width: 99.7162%; height: 99px;\"><tbody><tr style=\"height: 99px;\"><td style=\"width: 100%; background-color: #e1e1f0; border-color: #0000c8; height: 99px; text-align: center; vertical-align: middle;\"><h5>Sobre todo, nos enfocamos en un enfoque integral. \u00a1Priorizamos solucionar problemas en lugar de trasladarlos!<\/h5><\/td><\/tr><\/tbody><\/table><h6>Ofrecemos a nuestros clientes la siguiente competencia metodol\u00f3gica:<\/h6><table style=\"width: 99.892%;\"><tbody><tr><td style=\"background-color: #0064c8; width: 14.0823%; text-align: center;\"><strong><span style=\"color: #ffffff;\">\u00a0seg\u00fan Lean \/ OPEX<\/span><br \/><\/strong><\/td><td style=\"background-color: #e1e1f0; width: 76.5567%;\"><ul><li>Sistemas de producci\u00f3n ajustados (al estilo Toyota)<\/li><li>An\u00e1lisis y dise\u00f1o de flujo de valor, reestructuraci\u00f3n<\/li><li>Despliegue de estrategia y pol\u00edticas<\/li><li>Log\u00edstica Lean<\/li><li>An\u00e1lisis de causas y soluci\u00f3n pr\u00e1ctica de problemas<\/li><li>Gesti\u00f3n en el lugar de producci\u00f3n<\/li><li>Desarrollo y expansi\u00f3n de competencias internas en Lean<\/li><li>Liderazgo de talleres y proyectos seg\u00fan PDCA\/DMAIC<\/li><\/ul><\/td><\/tr><tr><td style=\"width: 14.0823%; background-color: #0064c8; text-align: center;\"><strong>\u00a0<span style=\"color: #ffffff;\">otros<\/span><\/strong><\/td><td style=\"background-color: #e1e1f0; width: 76.5567%;\"><ul><li>Procesos de cambio en m\u00faltiples ubicaciones y pa\u00edses<\/li><li>Coaching para profesionales y l\u00edderes<\/li><li>Gesti\u00f3n de la cadena de suministro<\/li><li>Procesamiento de pedidos<\/li><li>Planificaci\u00f3n y control de la producci\u00f3n<\/li><li>Gesti\u00f3n de cambios t\u00e9cnicos con control de inicio y finalizaci\u00f3n<\/li><\/ul><\/td><\/tr><\/tbody><\/table><p>Ahora ha aprendido mucho sobre nosotros. \u00bfCu\u00e1l de estos m\u00e9todos puede apoyarlo?<\/p><p>\u00a1Vea tambi\u00e9n nuestra experiencia en proyectos y los <a style=\"color: #0064c8;\" href=\"https:\/\/properim.com\/es\/referenzen\">resultados correspondientes<\/a>!<\/p><p><a style=\"color: #0064c8;\" href=\"https:\/\/properim.com\/es\/unsere-dienstleistungen\">continuar leyendo<\/a><\/p><p><a href=\"https:\/\/www.properim.com\/es\/\">regresar<\/a><\/p>\t\t\t\t\t\t\t\t<\/div>\n\t\t\t\t<\/div>\n\t\t\t\t\t<\/div>\n\t\t<\/div>\n\t\t\t\t\t<\/div>\n\t\t<\/section>\n\t\t\t\t<\/div>\n\t\t","protected":false},"excerpt":{"rendered":"<p>Aqu\u00ed aprender\u00e1 sobre nosotros y nuestros valores: \u00a0Misi\u00f3n Las peque\u00f1as y medianas empresas deben tener las mismas oportunidades de utilizar<\/p>\n","protected":false},"author":3,"featured_media":42,"parent":0,"menu_order":0,"comment_status":"closed","ping_status":"closed","template":"","meta":{"colormag_page_container_layout":"no_sidebar_full_width","colormag_page_sidebar_layout":"no_sidebar","_locale":"es_MX","_original_post":"https:\/\/properim.com\/?page_id=55","footnotes":""},"class_list":["post-1836","page","type-page","status-publish","has-post-thumbnail","hentry","es-MX"],"aioseo_notices":[],"_links":{"self":[{"href":"https:\/\/properim.com\/wp-json\/wp\/v2\/pages\/1836","targetHints":{"allow":["GET"]}}],"collection":[{"href":"https:\/\/properim.com\/wp-json\/wp\/v2\/pages"}],"about":[{"href":"https:\/\/properim.com\/wp-json\/wp\/v2\/types\/page"}],"author":[{"embeddable":true,"href":"https:\/\/properim.com\/wp-json\/wp\/v2\/users\/3"}],"replies":[{"embeddable":true,"href":"https:\/\/properim.com\/wp-json\/wp\/v2\/comments?post=1836"}],"version-history":[{"count":19,"href":"https:\/\/properim.com\/wp-json\/wp\/v2\/pages\/1836\/revisions"}],"predecessor-version":[{"id":1870,"href":"https:\/\/properim.com\/wp-json\/wp\/v2\/pages\/1836\/revisions\/1870"}],"wp:featuredmedia":[{"embeddable":true,"href":"https:\/\/properim.com\/wp-json\/wp\/v2\/media\/42"}],"wp:attachment":[{"href":"https:\/\/properim.com\/wp-json\/wp\/v2\/media?parent=1836"}],"curies":[{"name":"wp","href":"https:\/\/api.w.org\/{rel}","templated":true}]}}