{"id":1849,"date":"2023-08-10T15:05:56","date_gmt":"2023-08-10T13:05:56","guid":{"rendered":"https:\/\/properim.com\/?page_id=1849"},"modified":"2023-10-13T07:53:07","modified_gmt":"2023-10-13T05:53:07","slug":"unsere-dienstleistungen","status":"publish","type":"page","link":"https:\/\/properim.com\/es\/unsere-dienstleistungen","title":{"rendered":"Nuestros servicios"},"content":{"rendered":"\t\t<div data-elementor-type=\"wp-page\" data-elementor-id=\"1849\" class=\"elementor elementor-1849\">\n\t\t\t\t\t\t<section class=\"elementor-section elementor-top-section elementor-element elementor-element-66705a7 elementor-section-boxed elementor-section-height-default elementor-section-height-default\" data-id=\"66705a7\" data-element_type=\"section\" data-e-type=\"section\">\n\t\t\t\t\t\t<div class=\"elementor-container elementor-column-gap-default\">\n\t\t\t\t\t<div class=\"elementor-column elementor-col-100 elementor-top-column elementor-element elementor-element-6c5ea70\" data-id=\"6c5ea70\" data-element_type=\"column\" data-e-type=\"column\">\n\t\t\t<div class=\"elementor-widget-wrap elementor-element-populated\">\n\t\t\t\t\t\t<div class=\"elementor-element elementor-element-6b342e3 elementor-widget elementor-widget-text-editor\" data-id=\"6b342e3\" data-element_type=\"widget\" data-e-type=\"widget\" data-widget_type=\"text-editor.default\">\n\t\t\t\t<div class=\"elementor-widget-container\">\n\t\t\t\t\t\t\t\t\t<p>Nuestros servicios se dividen en tres \u00e1reas:<\/p>\t\t\t\t\t\t\t\t<\/div>\n\t\t\t\t<\/div>\n\t\t\t\t\t<\/div>\n\t\t<\/div>\n\t\t\t\t\t<\/div>\n\t\t<\/section>\n\t\t\t\t<section class=\"elementor-section elementor-top-section elementor-element elementor-element-ed82c27 elementor-section-boxed elementor-section-height-default elementor-section-height-default\" data-id=\"ed82c27\" data-element_type=\"section\" data-e-type=\"section\">\n\t\t\t\t\t\t<div class=\"elementor-container elementor-column-gap-default\">\n\t\t\t\t\t<div class=\"elementor-column elementor-col-100 elementor-top-column elementor-element elementor-element-8a8505a\" data-id=\"8a8505a\" data-element_type=\"column\" data-e-type=\"column\">\n\t\t\t<div class=\"elementor-widget-wrap elementor-element-populated\">\n\t\t\t\t\t\t<section class=\"elementor-section elementor-inner-section elementor-element elementor-element-8d200e3 elementor-section-boxed elementor-section-height-default elementor-section-height-default\" data-id=\"8d200e3\" data-element_type=\"section\" data-e-type=\"section\">\n\t\t\t\t\t\t<div class=\"elementor-container elementor-column-gap-default\">\n\t\t\t\t\t<div class=\"elementor-column elementor-col-33 elementor-inner-column elementor-element elementor-element-4744d77\" data-id=\"4744d77\" data-element_type=\"column\" data-e-type=\"column\">\n\t\t\t<div class=\"elementor-widget-wrap elementor-element-populated\">\n\t\t\t\t\t\t<div class=\"elementor-element elementor-element-b5b3cec elementor-widget elementor-widget-text-editor\" data-id=\"b5b3cec\" data-element_type=\"widget\" data-e-type=\"widget\" data-widget_type=\"text-editor.default\">\n\t\t\t\t<div class=\"elementor-widget-container\">\n\t\t\t\t\t\t\t\t\t<span style=\"color: #0000ff;\">Process &amp; Performance Improvement<\/span>\n<div class=\"notranslate\" style=\"all: initial;\"><\/div>\t\t\t\t\t\t\t\t<\/div>\n\t\t\t\t<\/div>\n\t\t\t\t<div class=\"elementor-element elementor-element-e8319fc elementor-widget elementor-widget-text-editor\" data-id=\"e8319fc\" data-element_type=\"widget\" data-e-type=\"widget\" data-widget_type=\"text-editor.default\">\n\t\t\t\t<div class=\"elementor-widget-container\">\n\t\t\t\t\t\t\t\t\t<span style=\"color: #ffffff;\">Se trata de mejorar los procesos\u00a0empresariales\u00a0y el rendimiento<\/span>\t\t\t\t\t\t\t\t<\/div>\n\t\t\t\t<\/div>\n\t\t\t\t<div class=\"elementor-element elementor-element-5744558 elementor-widget elementor-widget-text-editor\" data-id=\"5744558\" data-element_type=\"widget\" data-e-type=\"widget\" data-widget_type=\"text-editor.default\">\n\t\t\t\t<div class=\"elementor-widget-container\">\n\t\t\t\t\t\t\t\t\t<ul><li><span style=\"color: #000000;\" data-x-bergamot-id=\"3\"><a style=\"color: #000000;\" href=\"https:\/\/properim.com\/prozess-und-leistungsverbesserung\" data-x-bergamot-id=\"4\">Determinaci\u00f3n\u00a0de\u00a0la\u00a0situaci\u00f3n<\/a><\/span><\/li><li data-x-bergamot-id=\"5\"><span style=\"color: #000000;\" data-x-bergamot-id=\"6\"><a style=\"color: #000000;\" href=\"https:\/\/properim.com\/prozess-und-leistungsverbesserung\" data-x-bergamot-id=\"7\">Transformaci\u00f3n\u00a0hac\u00eda\u00a0lean<\/a><\/span><\/li><li data-x-bergamot-id=\"8\"><span style=\"color: #000000;\" data-x-bergamot-id=\"9\"><a style=\"color: #000000;\" href=\"https:\/\/properim.com\/prozess-und-leistungsverbesserung\" data-x-bergamot-id=\"10\">An\u00e1lisis\u00a0y\u00a0dise\u00f1o\u00a0de\u00a0la cadena\u00a0de\u00a0valor<\/a><\/span><\/li><li><span style=\"color: #000000;\"><a style=\"color: #000000;\" href=\"https:\/\/properim.com\/prozess-und-leistungsverbesserung\">Empleo de estrateg\u00edas y politicas<\/a><\/span><\/li><li><span style=\"color: #000000;\"><a style=\"color: #000000;\" href=\"https:\/\/properim.com\/prozess-und-leistungsverbesserung\">Realizaci\u00f3n de las medidas<\/a><\/span><\/li><li><span style=\"color: #000000;\"><a style=\"color: #000000;\" href=\"https:\/\/properim.com\/prozess-und-leistungsverbesserung\">Verificaci\u00f3n y confirmaci\u00f3n del \u00e9xito<\/a><\/span><\/li><li><span style=\"color: #000000;\">\u00a0<\/span><\/li><\/ul>\t\t\t\t\t\t\t\t<\/div>\n\t\t\t\t<\/div>\n\t\t\t\t\t<\/div>\n\t\t<\/div>\n\t\t\t\t<div class=\"elementor-column elementor-col-33 elementor-inner-column elementor-element elementor-element-c715b8b\" data-id=\"c715b8b\" data-element_type=\"column\" data-e-type=\"column\">\n\t\t\t<div class=\"elementor-widget-wrap elementor-element-populated\">\n\t\t\t\t\t\t<div class=\"elementor-element elementor-element-96c3bd3 elementor-widget elementor-widget-text-editor\" data-id=\"96c3bd3\" data-element_type=\"widget\" data-e-type=\"widget\" data-widget_type=\"text-editor.default\">\n\t\t\t\t<div class=\"elementor-widget-container\">\n\t\t\t\t\t\t\t\t\t<span style=\"color: #0000ff;\">Professional &amp; Personal improvement<\/span>\n<div class=\"notranslate\" style=\"all: initial;\"><\/div>\t\t\t\t\t\t\t\t<\/div>\n\t\t\t\t<\/div>\n\t\t\t\t<div class=\"elementor-element elementor-element-23d0470 elementor-widget elementor-widget-text-editor\" data-id=\"23d0470\" data-element_type=\"widget\" data-e-type=\"widget\" data-widget_type=\"text-editor.default\">\n\t\t\t\t<div class=\"elementor-widget-container\">\n\t\t\t\t\t\t\t\t\t<span style=\"color: #ffffff;\">Esta \u00e1rea se refiere al desarrollo de personal\u00a0<span class=\"x-fxtranslations-bad\">empresariales<\/span>\u00a0y el rendimiento<\/span>\t\t\t\t\t\t\t\t<\/div>\n\t\t\t\t<\/div>\n\t\t\t\t<div class=\"elementor-element elementor-element-a023b84 elementor-widget elementor-widget-text-editor\" data-id=\"a023b84\" data-element_type=\"widget\" data-e-type=\"widget\" data-widget_type=\"text-editor.default\">\n\t\t\t\t<div class=\"elementor-widget-container\">\n\t\t\t\t\t\t\t\t\t<ul><li data-x-bergamot-id=\"2\"><span style=\"color: #000000;\" data-x-bergamot-id=\"3\"><a style=\"color: #000000;\" href=\"https:\/\/properim.com\/personalentwicklung\" data-x-bergamot-id=\"4\">An\u00e1lisis de la demanda de capacitaci\u00f3n<\/a><\/span><\/li><li data-x-bergamot-id=\"5\"><span style=\"color: #000000;\" data-x-bergamot-id=\"6\"><a style=\"color: #000000;\" href=\"https:\/\/properim.com\/personalentwicklung\" data-x-bergamot-id=\"7\"><span class=\"x-fxtranslations-bad\">Formaci\u00f3n<\/span>\u00a0Lean\u00a0(b\u00e1sica,\u00a0experta,\u00a0temas\u00a0especializados) <\/a><\/span><\/li><li><span style=\"color: #000000;\" data-x-bergamot-id=\"10\"><a style=\"color: #000000;\" href=\"https:\/\/properim.com\/personalentwicklung\" data-x-bergamot-id=\"11\">Inducci\u00f3n\u00a0y\u00a0organizaci\u00f3n<\/a><\/span><\/li><li data-x-bergamot-id=\"12\"><span style=\"color: #000000;\" data-x-bergamot-id=\"13\"><a style=\"color: #000000;\" href=\"https:\/\/properim.com\/personalentwicklung\" data-x-bergamot-id=\"14\">Coaching de\u00a0especialistas y\u00a0ejecutivos<\/a><\/span><\/li><li data-x-bergamot-id=\"15\"><span style=\"color: #000000;\" data-x-bergamot-id=\"16\"><a style=\"color: #000000;\" href=\"https:\/\/properim.com\/personalentwicklung\" data-x-bergamot-id=\"17\">Competencia\u00a0intercultural<\/a><\/span><\/li><li data-x-bergamot-id=\"18\"><span style=\"color: #000000;\"><a style=\"color: #000000;\" href=\"https:\/\/properim.com\/personalentwicklung\" data-x-bergamot-id=\"19\">Capacitaci\u00f3n\u00a0en\u00a0idiomas <\/a><\/span><\/li><\/ul>\t\t\t\t\t\t\t\t<\/div>\n\t\t\t\t<\/div>\n\t\t\t\t\t<\/div>\n\t\t<\/div>\n\t\t\t\t<div class=\"elementor-column elementor-col-33 elementor-inner-column elementor-element elementor-element-1dd8b8f\" data-id=\"1dd8b8f\" data-element_type=\"column\" data-e-type=\"column\">\n\t\t\t<div class=\"elementor-widget-wrap elementor-element-populated\">\n\t\t\t\t\t\t<div class=\"elementor-element elementor-element-706292b elementor-widget elementor-widget-text-editor\" data-id=\"706292b\" data-element_type=\"widget\" data-e-type=\"widget\" data-widget_type=\"text-editor.default\">\n\t\t\t\t<div class=\"elementor-widget-container\">\n\t\t\t\t\t\t\t\t\t<span style=\"color: #0000ff;\">Operational Support<\/span>\n<div class=\"notranslate\" style=\"all: initial;\"><\/div>\t\t\t\t\t\t\t\t<\/div>\n\t\t\t\t<\/div>\n\t\t\t\t<div class=\"elementor-element elementor-element-4384926 elementor-widget elementor-widget-text-editor\" data-id=\"4384926\" data-element_type=\"widget\" data-e-type=\"widget\" data-widget_type=\"text-editor.default\">\n\t\t\t\t<div class=\"elementor-widget-container\">\n\t\t\t\t\t\t\t\t\t<span style=\"color: #ffffff;\">Esta divisi\u00f3n se ocupa de la asunci\u00f3n de tareas operativas<\/span>\t\t\t\t\t\t\t\t<\/div>\n\t\t\t\t<\/div>\n\t\t\t\t<div class=\"elementor-element elementor-element-2488c40 elementor-widget elementor-widget-text-editor\" data-id=\"2488c40\" data-element_type=\"widget\" data-e-type=\"widget\" data-widget_type=\"text-editor.default\">\n\t\t\t\t<div class=\"elementor-widget-container\">\n\t\t\t\t\t\t\t\t\t<ul><li><span style=\"color: #000000;\" data-x-bergamot-id=\"3\"><a style=\"color: #000000;\" href=\"https:\/\/properim.com\/operative-unterstuetzung\" data-x-bergamot-id=\"4\">Gesti\u00f3n de proyectos<\/a><\/span><\/li><li><span style=\"color: #000000;\"><a style=\"color: #000000;\" href=\"https:\/\/properim.com\/operative-unterstuetzung\" data-x-bergamot-id=\"7\">Gesti\u00f3n provisional<\/a><\/span><\/li><li><span style=\"color: #000000;\"><a style=\"color: #000000;\" href=\"https:\/\/properim.com\/operative-unterstuetzung\" data-x-bergamot-id=\"10\">Servicios de dise\u00f1o y construcci\u00f3n CAD<\/a><\/span><\/li><li><span style=\"color: #000000;\"><a style=\"color: #000000;\" href=\"https:\/\/properim.com\/operative-unterstuetzung\" data-x-bergamot-id=\"13\">Central de gesti\u00f3n de proyectos (PMO)<\/a><\/span><\/li><li><span style=\"color: #000000;\"><a style=\"color: #000000;\" href=\"https:\/\/properim.com\/operative-unterstuetzung\" data-x-bergamot-id=\"16\"><span class=\"x-fxtranslations-bad\">Encargado de Lean<\/span><\/a><\/span><\/li><li><span style=\"color: #000000;\"><a style=\"color: #000000;\" href=\"https:\/\/properim.com\/operative-unterstuetzung\" data-x-bergamot-id=\"21\">Gesti\u00f3n de la asignaci\u00f3n<\/a><\/span><\/li><li><span style=\"color: #000000;\" data-x-bergamot-id=\"18\"><a style=\"color: #000000;\" href=\"https:\/\/properim.com\/operative-unterstuetzung\" data-x-bergamot-id=\"19\">Tareas individuales \/ <span class=\"x-fxtranslations-bad\">Task Force<\/span><\/a><\/span><\/li><\/ul>\t\t\t\t\t\t\t\t<\/div>\n\t\t\t\t<\/div>\n\t\t\t\t\t<\/div>\n\t\t<\/div>\n\t\t\t\t\t<\/div>\n\t\t<\/section>\n\t\t\t\t<div class=\"elementor-element elementor-element-3640871 elementor-widget elementor-widget-text-editor\" data-id=\"3640871\" data-element_type=\"widget\" data-e-type=\"widget\" data-widget_type=\"text-editor.default\">\n\t\t\t\t<div class=\"elementor-widget-container\">\n\t\t\t\t\t\t\t\t\t<p><a href=\"https:\/\/properim.com\/es\/referenzen\">a los resultados<\/a><\/p>\t\t\t\t\t\t\t\t<\/div>\n\t\t\t\t<\/div>\n\t\t\t\t<div class=\"elementor-element elementor-element-efbeeea elementor-widget elementor-widget-text-editor\" data-id=\"efbeeea\" data-element_type=\"widget\" data-e-type=\"widget\" data-widget_type=\"text-editor.default\">\n\t\t\t\t<div class=\"elementor-widget-container\">\n\t\t\t\t\t\t\t\t\t<p><span style=\"color: #3366ff;\"><a href=\"https:\/\/properim.com\/es\/\">regresar<\/a><\/span><\/p>\t\t\t\t\t\t\t\t<\/div>\n\t\t\t\t<\/div>\n\t\t\t\t\t<\/div>\n\t\t<\/div>\n\t\t\t\t\t<\/div>\n\t\t<\/section>\n\t\t\t\t<\/div>\n\t\t","protected":false},"excerpt":{"rendered":"<p>Nuestros servicios se dividen en tres \u00e1reas: Process &amp; Performance Improvement Se trata de mejorar los procesos\u00a0empresariales\u00a0y el rendimiento Determinaci\u00f3n\u00a0de\u00a0la\u00a0situaci\u00f3n<\/p>\n","protected":false},"author":3,"featured_media":0,"parent":0,"menu_order":0,"comment_status":"closed","ping_status":"closed","template":"page-templates\/page-builder.php","meta":{"colormag_page_container_layout":"no_sidebar_full_width","colormag_page_sidebar_layout":"no_sidebar","_locale":"es_MX","_original_post":"https:\/\/properim.com\/?page_id=198","footnotes":""},"class_list":["post-1849","page","type-page","status-publish","hentry","es-MX"],"aioseo_notices":[],"_links":{"self":[{"href":"https:\/\/properim.com\/wp-json\/wp\/v2\/pages\/1849","targetHints":{"allow":["GET"]}}],"collection":[{"href":"https:\/\/properim.com\/wp-json\/wp\/v2\/pages"}],"about":[{"href":"https:\/\/properim.com\/wp-json\/wp\/v2\/types\/page"}],"author":[{"embeddable":true,"href":"https:\/\/properim.com\/wp-json\/wp\/v2\/users\/3"}],"replies":[{"embeddable":true,"href":"https:\/\/properim.com\/wp-json\/wp\/v2\/comments?post=1849"}],"version-history":[{"count":7,"href":"https:\/\/properim.com\/wp-json\/wp\/v2\/pages\/1849\/revisions"}],"predecessor-version":[{"id":2098,"href":"https:\/\/properim.com\/wp-json\/wp\/v2\/pages\/1849\/revisions\/2098"}],"wp:attachment":[{"href":"https:\/\/properim.com\/wp-json\/wp\/v2\/media?parent=1849"}],"curies":[{"name":"wp","href":"https:\/\/api.w.org\/{rel}","templated":true}]}}