{"id":1873,"date":"2023-08-10T22:07:37","date_gmt":"2023-08-10T20:07:37","guid":{"rendered":"https:\/\/properim.com\/?page_id=1873"},"modified":"2023-10-13T07:36:30","modified_gmt":"2023-10-13T05:36:30","slug":"prozess-und-leistungsverbesserung","status":"publish","type":"page","link":"https:\/\/properim.com\/es\/prozess-und-leistungsverbesserung","title":{"rendered":"Transformaci\u00f3n de procesos y rendimiento"},"content":{"rendered":"\r\n<div class=\"block-title\">\r\n<h6 class=\"wp-block-heading\">Con procesos robustos y un mejor rendimiento en la empresa, crea ventajas competitivas y \u00e9xito para el futuro.<\/h6>\r\n<\/div>\r\n\r\n\r\n\r\n<div class=\"wp-block-image\">\r\n<figure class=\"alignright\"><img decoding=\"async\" width=\"70\" height=\"135\" class=\"wp-image-161\" src=\"https:\/\/properim.com\/wp-content\/uploads\/2017\/05\/Blueman_20-e1504122119158.png\" alt=\"\" \/><\/figure>\r\n<\/div>\r\n\r\n\r\n\r\n<p>Existen diversas formas de mejorar los procesos y el rendimiento:<\/p>\r\n\r\n\r\n\r\n<p>Desde una transformaci\u00f3n sistem\u00e1tica de Lean que te lleva a la excelencia operativa hol\u00edstica, <span class=\"x-fxtranslations-bad\">hasta<\/span> el uso de m\u00e9todos y herramientas individuales para <span class=\"x-fxtranslations-bad\">la<\/span> aplicaci\u00f3n selectiva. Dependiendo de su situaci\u00f3n individual, le aplicamos los m\u00f3dulos \u00f3ptimos. Para eso, primero determinamos juntos d\u00f3nde est\u00e1n hoy y cu\u00e1les son sus objetivos. Despu\u00e9s de <span class=\"x-fxtranslations-bad\">acordar<\/span> el procedimiento con usted, ser\u00e1 posible aplicarlo. Deber\u00edan beneficiarse de sus \u00e9xitos a largo plazo. Por eso te acompa\u00f1aremos despu\u00e9s hasta que se logren sus metas.<\/p>\r\n\r\n\r\n\r\n<p>El ejemplo de Lean Transformation: todos los m\u00f3dulos se alinean entre s\u00ed y se complementan, como se <span class=\"x-fxtranslations-bad\">pueden<\/span> ver en el siguiente proceso:<\/p>\r\n\r\n\r\n\r\n<figure class=\"wp-block-table is-style-stripes\">\r\n<table>\r\n<tbody>\r\n<tr>\r\n<td>\r\n<p><strong><span class=\"tadv-color\" style=\"color: #001fa3;\"><span class=\"tadv-color\" data-x-bergamot-id=\"2\">Determinaci\u00f3n de la situaci\u00f3n actual<br \/><\/span><\/span><\/strong><\/p>\r\n<\/td>\r\n<\/tr>\r\n<tr>\r\n<td>\u00bfD\u00f3nde est\u00e1n hoy?<br \/>&gt; An\u00e1lisis de 360\u00b0<\/td>\r\n<\/tr>\r\n<\/tbody>\r\n<\/table>\r\n<\/figure>\r\n\r\n\r\n\r\n<figure class=\"wp-block-table is-style-stripes\">\r\n<table>\r\n<tbody>\r\n<tr>\r\n<td><strong><span class=\"tadv-color\" style=\"color: #001fa3;\">An\u00e1lisis y dise\u00f1o de la cadena de valor<\/span><\/strong><\/td>\r\n<\/tr>\r\n<tr>\r\n<td>\r\n<ul>\r\n<li>Registro de sus procesos y interfases<\/li>\r\n<li>Detecci\u00f3n y evaluaci\u00f3n de variables de perturbaci\u00f3n<\/li>\r\n<li>Identificaci\u00f3n y levantamiento de potenciales<\/li>\r\n<\/ul>\r\n<\/td>\r\n<\/tr>\r\n<\/tbody>\r\n<\/table>\r\n<\/figure>\r\n\r\n\r\n\r\n<figure class=\"wp-block-table is-style-stripes\">\r\n<table>\r\n<tbody>\r\n<tr>\r\n<td><a href=\"https:\/\/properim.com\/es\/strategische-planung-und-ergebnisabsicherung\"><strong><span class=\"tadv-color\" style=\"color: #001fa3;\">Strategy- &amp; Policy Deployment<\/span><\/strong><\/a><\/td>\r\n<\/tr>\r\n<tr>\r\n<td>\r\n<ul>\r\n<li><a href=\"https:\/\/properim.com\/es\/strategische-planung-und-ergebnisabsicherung\" data-x-bergamot-id=\"1\">Alineaci\u00f3n al futuro<\/a><\/li>\r\n<li>Desarrollo de <span class=\"x-fxtranslations-bad\">objetivos<\/span><\/li>\r\n<li>Alinear todas las medidas a los objetivos corporativos<\/li>\r\n<li>Asegurar que tambi\u00e9n se alcance los objetivos<\/li>\r\n<\/ul>\r\n<\/td>\r\n<\/tr>\r\n<\/tbody>\r\n<\/table>\r\n<\/figure>\r\n\r\n\r\n\r\n<figure class=\"wp-block-table is-style-stripes\">\r\n<table>\r\n<tbody>\r\n<tr>\r\n<td><span class=\"tadv-color\" style=\"color: #001fa3;\"><strong><span class=\"tadv-color\" data-x-bergamot-id=\"1\">Realizaci\u00f3n de las medidas<\/span><\/strong><\/span><\/td>\r\n<\/tr>\r\n<tr>\r\n<td>\r\n<ul>\r\n<li>Proyectos de mejora<\/li>\r\n<li>Talleres de Kaizen<\/li>\r\n<li>Realizaci\u00f3n r\u00e1pida<\/li>\r\n<\/ul>\r\n<\/td>\r\n<\/tr>\r\n<\/tbody>\r\n<\/table>\r\n<\/figure>\r\n\r\n\r\n\r\n<figure class=\"wp-block-table is-style-stripes\">\r\n<table>\r\n<tbody>\r\n<tr>\r\n<td><span class=\"tadv-color\" style=\"color: #0000ff;\" data-x-bergamot-id=\"1\"><strong data-x-bergamot-id=\"2\">Control <span class=\"x-fxtranslations-bad\">del<\/span> \u00e9xito<\/strong><\/span><\/td>\r\n<\/tr>\r\n<tr>\r\n<td>\r\n<ul>\r\n<li>Efectos financieros y no financieros<\/li>\r\n<li>otros indicadores<\/li>\r\n<li>Proceso de mejora continua<\/li>\r\n<\/ul>\r\n<\/td>\r\n<\/tr>\r\n<\/tbody>\r\n<\/table>\r\n<\/figure>\r\n\r\n\r\n\r\n<p>&nbsp;<\/p>\r\n\r\n\r\n\r\n<p>&nbsp;<\/p>\r\n\r\n\r\n\r\n<p>\u00bfQuiere m\u00e1s informaci\u00f3n sobre <span class=\"x-fxtranslations-bad\">el<\/span> proceso y la mejora del rendimiento?<\/p>\r\n\r\n\r\n\r\n<a class=\"maxbutton-3 maxbutton maxbutton-button-250x50-green\" title=\"&lt;kontakt\" href=\"https:\/\/properim.com\/kontakt\"><span class='mb-text'>Kontakt<\/span><\/a>\r\n\r\n\r\n\r\n<p><a href=\"http:\/\/www.properim.com\/es\/\">regresar<\/a><\/p>\r\n\r\n\r\n\r\n<div class=\"brz-root__container\">\u00a0<\/div>\r\n","protected":false},"excerpt":{"rendered":"<p>Con procesos robustos y un mejor rendimiento en la empresa, crea ventajas competitivas y \u00e9xito para el futuro. Existen diversas<\/p>\n","protected":false},"author":3,"featured_media":0,"parent":0,"menu_order":0,"comment_status":"closed","ping_status":"closed","template":"","meta":{"colormag_page_container_layout":"no_sidebar_content_centered","colormag_page_sidebar_layout":"no_sidebar","_locale":"es_MX","_original_post":"https:\/\/properim.com\/?page_id=463","footnotes":""},"class_list":["post-1873","page","type-page","status-publish","hentry","es-MX"],"aioseo_notices":[],"_links":{"self":[{"href":"https:\/\/properim.com\/wp-json\/wp\/v2\/pages\/1873","targetHints":{"allow":["GET"]}}],"collection":[{"href":"https:\/\/properim.com\/wp-json\/wp\/v2\/pages"}],"about":[{"href":"https:\/\/properim.com\/wp-json\/wp\/v2\/types\/page"}],"author":[{"embeddable":true,"href":"https:\/\/properim.com\/wp-json\/wp\/v2\/users\/3"}],"replies":[{"embeddable":true,"href":"https:\/\/properim.com\/wp-json\/wp\/v2\/comments?post=1873"}],"version-history":[{"count":8,"href":"https:\/\/properim.com\/wp-json\/wp\/v2\/pages\/1873\/revisions"}],"predecessor-version":[{"id":2091,"href":"https:\/\/properim.com\/wp-json\/wp\/v2\/pages\/1873\/revisions\/2091"}],"wp:attachment":[{"href":"https:\/\/properim.com\/wp-json\/wp\/v2\/media?parent=1873"}],"curies":[{"name":"wp","href":"https:\/\/api.w.org\/{rel}","templated":true}]}}