{"id":1877,"date":"2023-08-10T22:11:52","date_gmt":"2023-08-10T20:11:52","guid":{"rendered":"https:\/\/properim.com\/?page_id=1877"},"modified":"2023-08-10T22:11:52","modified_gmt":"2023-08-10T20:11:52","slug":"angebot-anfordern","status":"publish","type":"page","link":"https:\/\/properim.com\/es\/angebot-anfordern","title":{"rendered":"Solicita una cuotizaci\u00f3n"},"content":{"rendered":"<p><span>Haga clic aqu\u00ed para visitar la solicitud de oferta para los seminarios en l\u00ednea&#8230;<\/span><\/p>\n\n<div class=\"wpcf7 no-js\" id=\"wpcf7-f1193-o1\" lang=\"de-DE\" dir=\"ltr\" data-wpcf7-id=\"1193\">\n<div class=\"screen-reader-response\"><p role=\"status\" aria-live=\"polite\" aria-atomic=\"true\"><\/p> <ul><\/ul><\/div>\n<form action=\"\/es\/wp-json\/wp\/v2\/pages\/1877#wpcf7-f1193-o1\" method=\"post\" class=\"wpcf7-form init\" aria-label=\"Kontaktformular\" novalidate=\"novalidate\" data-status=\"init\">\n<fieldset class=\"hidden-fields-container\"><input type=\"hidden\" name=\"_wpcf7\" value=\"1193\" \/><input type=\"hidden\" name=\"_wpcf7_version\" value=\"6.1.5\" \/><input type=\"hidden\" name=\"_wpcf7_locale\" value=\"de_DE\" \/><input type=\"hidden\" name=\"_wpcf7_unit_tag\" value=\"wpcf7-f1193-o1\" \/><input type=\"hidden\" name=\"_wpcf7_container_post\" value=\"0\" \/><input type=\"hidden\" name=\"_wpcf7_posted_data_hash\" value=\"\" \/>\n<\/fieldset>\n<p><label> Ihr Name (Pflichtfeld)<br \/>\n<span class=\"wpcf7-form-control-wrap\" data-name=\"your-name\"><input size=\"40\" maxlength=\"400\" class=\"wpcf7-form-control wpcf7-text wpcf7-validates-as-required\" aria-required=\"true\" aria-invalid=\"false\" value=\"\" type=\"text\" name=\"your-name\" \/><\/span> <\/label><br \/>\n<label> Unternehmen<br \/>\n<span class=\"wpcf7-form-control-wrap\" data-name=\"your-company\"><input size=\"40\" maxlength=\"400\" class=\"wpcf7-form-control wpcf7-text\" aria-invalid=\"false\" value=\"\" type=\"text\" name=\"your-company\" \/><\/span> <\/label><br \/>\n<label> Abteilung<br \/>\n<span class=\"wpcf7-form-control-wrap\" data-name=\"your-dept\"><input size=\"40\" maxlength=\"400\" class=\"wpcf7-form-control wpcf7-text\" aria-invalid=\"false\" value=\"\" type=\"text\" name=\"your-dept\" \/><\/span> <\/label><br \/>\n<label> Strasse, Nr<br \/>\n<span class=\"wpcf7-form-control-wrap\" data-name=\"your-street\"><input size=\"40\" maxlength=\"400\" class=\"wpcf7-form-control wpcf7-text\" aria-invalid=\"false\" value=\"\" type=\"text\" name=\"your-street\" \/><\/span> <\/label><br \/>\n<label> Ort<br \/>\n<span class=\"wpcf7-form-control-wrap\" data-name=\"your-town\"><input size=\"40\" maxlength=\"400\" class=\"wpcf7-form-control wpcf7-text\" aria-invalid=\"false\" value=\"\" type=\"text\" name=\"your-town\" \/><\/span> <\/label>\n<\/p>\n<p><label> E-Mail-Adresse (Pflichtfeld)<br \/>\n<span class=\"wpcf7-form-control-wrap\" data-name=\"your-email\"><input size=\"40\" maxlength=\"400\" class=\"wpcf7-form-control wpcf7-email wpcf7-validates-as-required wpcf7-text wpcf7-validates-as-email\" aria-required=\"true\" aria-invalid=\"false\" value=\"\" type=\"email\" name=\"your-email\" \/><\/span> <\/label>\n<\/p>\n<p><label> Betreff: Online-Seminar - Strategische Ziele erfolgreich umsetzen<br \/>\n<\/label><label><br \/>\n<\/label><label><br \/>\n<\/label><label><br \/>\nHallo PROPERIM-Team,<br \/>\n<\/label><label><br \/>\nich\/wir m\u00f6chten mit <span class=\"wpcf7-form-control-wrap\" data-name=\"number-925\"><input class=\"wpcf7-form-control wpcf7-number wpcf7-validates-as-required wpcf7-validates-as-number\" min=\"1\" max=\"25\" aria-required=\"true\" aria-invalid=\"false\" value=\"\" type=\"number\" name=\"number-925\" \/><\/span> Personen am Seminar \"Strategische Ziele erfolgreich umsetzen\" teilnehmen. Bitte schicken Sie uns ein Angebot an die als Absender verwendete Email-Adresse.<br \/>\n<\/label><label><br \/>\nVielen Dank!<br \/>\n<\/label><label> <\/label><label><br \/>\nMit dem Absenden erkl\u00e4ren Sie sich mit der Speicherung und Verarbeitung Ihrer Daten zur Bearbeitung Ihrer<br \/>\nMail einverstanden. <\/label><label> <input class=\"wpcf7-form-control wpcf7-submit has-spinner\" type=\"submit\" value=\"Senden\" \/><br \/>\n<\/label><label> Impressum: PROPERIM GmbH, Haferwende 27, 28357 Bremen, Mail: mail[at]properim.com<\/label>\n<\/p><div class=\"wpcf7-response-output\" aria-hidden=\"true\"><\/div>\n<\/form>\n<\/div>\n\n","protected":false},"excerpt":{"rendered":"<p>Haga clic aqu\u00ed para visitar la solicitud de oferta para los seminarios en l\u00ednea&#8230;<\/p>\n","protected":false},"author":3,"featured_media":0,"parent":0,"menu_order":0,"comment_status":"closed","ping_status":"closed","template":"","meta":{"colormag_page_container_layout":"no_sidebar_content_centered","colormag_page_sidebar_layout":"no_sidebar","_locale":"es_MX","_original_post":"https:\/\/properim.com\/?page_id=1196","footnotes":""},"class_list":["post-1877","page","type-page","status-publish","hentry","es-MX"],"aioseo_notices":[],"_links":{"self":[{"href":"https:\/\/properim.com\/wp-json\/wp\/v2\/pages\/1877","targetHints":{"allow":["GET"]}}],"collection":[{"href":"https:\/\/properim.com\/wp-json\/wp\/v2\/pages"}],"about":[{"href":"https:\/\/properim.com\/wp-json\/wp\/v2\/types\/page"}],"author":[{"embeddable":true,"href":"https:\/\/properim.com\/wp-json\/wp\/v2\/users\/3"}],"replies":[{"embeddable":true,"href":"https:\/\/properim.com\/wp-json\/wp\/v2\/comments?post=1877"}],"version-history":[{"count":1,"href":"https:\/\/properim.com\/wp-json\/wp\/v2\/pages\/1877\/revisions"}],"predecessor-version":[{"id":1878,"href":"https:\/\/properim.com\/wp-json\/wp\/v2\/pages\/1877\/revisions\/1878"}],"wp:attachment":[{"href":"https:\/\/properim.com\/wp-json\/wp\/v2\/media?parent=1877"}],"curies":[{"name":"wp","href":"https:\/\/api.w.org\/{rel}","templated":true}]}}